{"id":123,"date":"2020-11-10T21:15:58","date_gmt":"2020-11-10T21:15:58","guid":{"rendered":"https:\/\/dieteticien-toulouse.com\/?page_id=123"},"modified":"2024-01-15T15:38:39","modified_gmt":"2024-01-15T15:38:39","slug":"tarifs","status":"publish","type":"page","link":"https:\/\/dieteticien-toulouse.com\/?page_id=123","title":{"rendered":"TARIFS"},"content":{"rendered":"\n<p><strong><u>TARIFS&nbsp; DES&nbsp; CONSULTATIONS &nbsp;2020<\/u><\/strong><\/p>\n\n\n\n<figure class=\"wp-block-table\"><table><tbody><tr><td>1<sup>\u00e8re<\/sup> consultation bilan complet 1 h 15<\/td><td class=\"has-text-align-center\" data-align=\"center\">54 \u20ac<\/td><\/tr><tr><td>Consultation de suivi 45 min<\/td><td class=\"has-text-align-center\" data-align=\"center\">37 \u20ac<\/td><\/tr><tr><td>1<sup>\u00e8re<\/sup> consultation \u00ab\u00a0famille\u00a0\u00bb (2 personnes) -10 %<\/td><td class=\"has-text-align-center\" data-align=\"center\">97,20 \u20ac<\/td><\/tr><tr><td>Consultations de suivi \u00ab famille \u00bb (2 personnes) -10%<\/td><td class=\"has-text-align-center\" data-align=\"center\">66,60\u20ac<\/td><\/tr><tr><td>Forfait 10 consultations de suivi -10%<\/td><td class=\"has-text-align-center\" data-align=\"center\">333 \u20ac<\/td><\/tr><tr><td>Forfait 10 consultations de suivi \u00abfamille \u00bb (2 personnes) -10%<\/td><td class=\"has-text-align-center\" data-align=\"center\">660 \u20ac<\/td><\/tr><\/tbody><\/table><\/figure>\n\n\n\n<p><\/p>\n\n\n\n<p>Mon N\u00b0 ADELI&nbsp; sur vos factures vous permet un remboursement par la plupart des mutuelles.<\/p>\n\n\n\n<p>Le r\u00e8glement se fait par ch\u00e8que ou esp\u00e8ce.<\/p>\n\n\n\n<p>Tout RV non d\u00e9command\u00e9 48 h \u00e0 l&rsquo;avance sera d\u00fb.<\/p>\n","protected":false},"excerpt":{"rendered":"<p>TARIFS&nbsp; DES&nbsp; CONSULTATIONS &nbsp;2020 1\u00e8re consultation bilan complet 1 h 15 54 \u20ac Consultation de suivi 45 min 37 \u20ac 1\u00e8re consultation \u00ab\u00a0famille\u00a0\u00bb (2 personnes) -10 % 97,20 \u20ac Consultations &hellip; <\/p>\n","protected":false},"author":2,"featured_media":0,"parent":0,"menu_order":0,"comment_status":"closed","ping_status":"closed","template":"","meta":[],"_links":{"self":[{"href":"https:\/\/dieteticien-toulouse.com\/index.php?rest_route=\/wp\/v2\/pages\/123"}],"collection":[{"href":"https:\/\/dieteticien-toulouse.com\/index.php?rest_route=\/wp\/v2\/pages"}],"about":[{"href":"https:\/\/dieteticien-toulouse.com\/index.php?rest_route=\/wp\/v2\/types\/page"}],"author":[{"embeddable":true,"href":"https:\/\/dieteticien-toulouse.com\/index.php?rest_route=\/wp\/v2\/users\/2"}],"replies":[{"embeddable":true,"href":"https:\/\/dieteticien-toulouse.com\/index.php?rest_route=%2Fwp%2Fv2%2Fcomments&post=123"}],"version-history":[{"count":6,"href":"https:\/\/dieteticien-toulouse.com\/index.php?rest_route=\/wp\/v2\/pages\/123\/revisions"}],"predecessor-version":[{"id":302,"href":"https:\/\/dieteticien-toulouse.com\/index.php?rest_route=\/wp\/v2\/pages\/123\/revisions\/302"}],"wp:attachment":[{"href":"https:\/\/dieteticien-toulouse.com\/index.php?rest_route=%2Fwp%2Fv2%2Fmedia&parent=123"}],"curies":[{"name":"wp","href":"https:\/\/api.w.org\/{rel}","templated":true}]}}