{"id":22,"date":"2020-08-15T12:46:44","date_gmt":"2020-08-15T12:46:44","guid":{"rendered":"https:\/\/dieteticien-toulouse.com\/?page_id=22"},"modified":"2020-10-27T19:41:20","modified_gmt":"2020-10-27T19:41:20","slug":"problematiques","status":"publish","type":"page","link":"https:\/\/dieteticien-toulouse.com\/?page_id=22","title":{"rendered":"Probl\u00e9matiques"},"content":{"rendered":"\n<p>De nombreux probl\u00e8mes de sant\u00e9 ou tracas du quotidien peuvent trouver une solution dans une meilleure alimentation. Ici quelques probl\u00e8mes o\u00f9 je saurai vous accompagner :<\/p>\n\n\n\n<ul><li><strong>Probl\u00e8mes de poids<\/strong> : Surpoids, Ob\u00e9sit\u00e9, D\u00e9nutrition<\/li><li><strong>Anomalies des analyses de sang<\/strong> : Diab\u00e8te, Cholest\u00e9rol, Triglyc\u00e9rides, Cr\u00e9atinine &#8230;<\/li><li><strong>Maladies des organes<\/strong> : Hypertension Art\u00e9rielle, Lithiases, Calculs, Insuffisance R\u00e9nale, Maladie du foie gras, &#8230;<\/li><li><strong>Troubles Fonctionnels Intestinaux<\/strong>, intol\u00e9rances et allergies alimentaires<\/li><li><strong>Besoins sp\u00e9cifiques<\/strong> : Sportif, Femme enceinte ou allaitante, Enfant, S\u00e9nior &#8230;<\/li><li><strong>Cancer<\/strong> : adaptation de l&rsquo;alimentation et pr\u00e9vention de la d\u00e9nutrition ou de la prise de poids<\/li><li><strong>Besoin de mieux-\u00eatre<\/strong> (fatigue, stress, sommeil, concentration, m\u00e9moire &#8230;)<\/li><\/ul>\n","protected":false},"excerpt":{"rendered":"<p>De nombreux probl\u00e8mes de sant\u00e9 ou tracas du quotidien peuvent trouver une solution dans une meilleure alimentation. Ici quelques probl\u00e8mes o\u00f9 je saurai vous accompagner : Probl\u00e8mes de poids : &hellip; <\/p>\n","protected":false},"author":1,"featured_media":42,"parent":0,"menu_order":0,"comment_status":"closed","ping_status":"closed","template":"","meta":[],"_links":{"self":[{"href":"https:\/\/dieteticien-toulouse.com\/index.php?rest_route=\/wp\/v2\/pages\/22"}],"collection":[{"href":"https:\/\/dieteticien-toulouse.com\/index.php?rest_route=\/wp\/v2\/pages"}],"about":[{"href":"https:\/\/dieteticien-toulouse.com\/index.php?rest_route=\/wp\/v2\/types\/page"}],"author":[{"embeddable":true,"href":"https:\/\/dieteticien-toulouse.com\/index.php?rest_route=\/wp\/v2\/users\/1"}],"replies":[{"embeddable":true,"href":"https:\/\/dieteticien-toulouse.com\/index.php?rest_route=%2Fwp%2Fv2%2Fcomments&post=22"}],"version-history":[{"count":6,"href":"https:\/\/dieteticien-toulouse.com\/index.php?rest_route=\/wp\/v2\/pages\/22\/revisions"}],"predecessor-version":[{"id":98,"href":"https:\/\/dieteticien-toulouse.com\/index.php?rest_route=\/wp\/v2\/pages\/22\/revisions\/98"}],"wp:featuredmedia":[{"embeddable":true,"href":"https:\/\/dieteticien-toulouse.com\/index.php?rest_route=\/wp\/v2\/media\/42"}],"wp:attachment":[{"href":"https:\/\/dieteticien-toulouse.com\/index.php?rest_route=%2Fwp%2Fv2%2Fmedia&parent=22"}],"curies":[{"name":"wp","href":"https:\/\/api.w.org\/{rel}","templated":true}]}}