{"id":38,"date":"2020-08-15T14:12:41","date_gmt":"2020-08-15T14:12:41","guid":{"rendered":"https:\/\/dieteticien-toulouse.com\/?page_id=38"},"modified":"2020-12-11T18:25:06","modified_gmt":"2020-12-11T18:25:06","slug":"parcours","status":"publish","type":"page","link":"https:\/\/dieteticien-toulouse.com\/?page_id=38","title":{"rendered":"Parcours"},"content":{"rendered":"\n<p id=\"block-fa6fa0e5-2683-4dfd-979a-44626b800fbe\"><br>Pour moi, le moment du repas est un plaisir tous les jours renouvel\u00e9. Je cuisine depuis toujours afin de me r\u00e9galer et de faire plaisir \u00e0 mes proches. Je consid\u00e8re aussi l&rsquo;alimentation comme un soin que l&rsquo;on procure \u00e0 son organisme afin de se sentir bien et d&rsquo;\u00eatre en bonne sant\u00e9. Alors se faire plaisir tout en veillant \u00e0 la vari\u00e9t\u00e9 et \u00e0 l&rsquo;\u00e9quilibre global, c&rsquo;est devenu un r\u00e9flexe.<\/p>\n\n\n\n<p>L&rsquo;activit\u00e9 physique compte aussi beaucoup dans le bien-\u00eatre et la sant\u00e9, tout comme le sommeil et la gestion du stress notamment.<\/p>\n\n\n\n<p id=\"block-fa6fa0e5-2683-4dfd-979a-44626b800fbe\">Titulaire d\u2019un BTS di\u00e9t\u00e9tique, je suis enregistr\u00e9e en tant que professionnelle de sant\u00e9 aupr\u00e8s de l\u2019ARS (Agence R\u00e9gionale de Sant\u00e9) avec un num\u00e9ro ADELI qui vous permet d\u2019\u00eatre rembours\u00e9 par votre mutuelle.<\/p>\n\n\n\n<figure class=\"wp-block-image\" id=\"block-ce5c929b-044c-4f72-971d-05c5703a9c07\"><img decoding=\"async\" src=\"https:\/\/dieteticien-toulouse.com\/wp-content\/uploads\/2020\/08\/marie_erbin.png\" alt=\"L\u2019attribut alt de cette image est vide, son nom de fichier est marie_erbin.png.\"\/><\/figure>\n\n\n\n<p id=\"block-0b638933-d564-4b3e-ab8e-ba0ddfc8ad14\">J\u2019ai effectu\u00e9 la formation compl\u00e9mentaire ETP&nbsp;: Education Th\u00e9rapeutique du Patient, pour \u00eatre au meilleur de mes capacit\u00e9s d\u2019\u00e9coute et de conseil et vous amener \u00e0 l\u2019autonomie dans la prise en charge de vos pr\u00e9occupations nutritionnelles, en lien avec vos habitudes alimentaires.<\/p>\n\n\n\n<p id=\"block-7c91e89a-014f-4874-bd71-003c7a09321b\">J\u2019ai travaill\u00e9 \u00e0 la Clinique du Cabirol \u00e0 Colomiers et au sein de l\u2019Atelier de Cuisine Gourmande.<\/p>\n","protected":false},"excerpt":{"rendered":"<p>Pour moi, le moment du repas est un plaisir tous les jours renouvel\u00e9. Je cuisine depuis toujours afin de me r\u00e9galer et de faire plaisir \u00e0 mes proches. Je consid\u00e8re &hellip; <\/p>\n","protected":false},"author":2,"featured_media":0,"parent":0,"menu_order":0,"comment_status":"closed","ping_status":"closed","template":"","meta":[],"_links":{"self":[{"href":"https:\/\/dieteticien-toulouse.com\/index.php?rest_route=\/wp\/v2\/pages\/38"}],"collection":[{"href":"https:\/\/dieteticien-toulouse.com\/index.php?rest_route=\/wp\/v2\/pages"}],"about":[{"href":"https:\/\/dieteticien-toulouse.com\/index.php?rest_route=\/wp\/v2\/types\/page"}],"author":[{"embeddable":true,"href":"https:\/\/dieteticien-toulouse.com\/index.php?rest_route=\/wp\/v2\/users\/2"}],"replies":[{"embeddable":true,"href":"https:\/\/dieteticien-toulouse.com\/index.php?rest_route=%2Fwp%2Fv2%2Fcomments&post=38"}],"version-history":[{"count":2,"href":"https:\/\/dieteticien-toulouse.com\/index.php?rest_route=\/wp\/v2\/pages\/38\/revisions"}],"predecessor-version":[{"id":177,"href":"https:\/\/dieteticien-toulouse.com\/index.php?rest_route=\/wp\/v2\/pages\/38\/revisions\/177"}],"wp:attachment":[{"href":"https:\/\/dieteticien-toulouse.com\/index.php?rest_route=%2Fwp%2Fv2%2Fmedia&parent=38"}],"curies":[{"name":"wp","href":"https:\/\/api.w.org\/{rel}","templated":true}]}}